{"id":66,"date":"2025-12-01T20:00:47","date_gmt":"2025-12-02T01:00:47","guid":{"rendered":"http:\/\/admin.carlaacuna.com\/?page_id=66"},"modified":"2026-02-11T19:20:52","modified_gmt":"2026-02-12T00:20:52","slug":"sobre-mi","status":"publish","type":"page","link":"https:\/\/admin.carlaacuna.com\/index.php\/sobre-mi\/","title":{"rendered":"Sobre mi"},"content":{"rendered":"","protected":false},"excerpt":{"rendered":"","protected":false},"author":1,"featured_media":0,"parent":0,"menu_order":0,"comment_status":"closed","ping_status":"closed","template":"","meta":{"footnotes":""},"class_list":["post-66","page","type-page","status-publish","hentry"],"acf":{"smi_titulo":"<p>Siempre me ha fascinado la mente humana y la profundidad de las relaciones personales, lo que me llev\u00f3 a estudiar\u00a0<strong>Psicolog\u00eda en la Universidad de San Mart\u00edn de Porres (Per\u00fa)<\/strong>. M\u00e1s adelante, me certifiqu\u00e9 como Coach Profesional por la International\u00a0<strong>Coaching Community \u2013 ICC de Londres.<\/strong><\/p>\n","smi_img":"https:\/\/admin.carlaacuna.com\/wp-content\/uploads\/2025\/12\/sobremi_1.png","smd_img":"https:\/\/admin.carlaacuna.com\/wp-content\/uploads\/2025\/12\/sobremi_2.png","smd_txt":"<p>Mi prop\u00f3sito es ayudarte a encontrar el equilibrio donde tu bienestar emocional y tu \u00e9xito profesional se encuentran. Siempre me ha fascinado la mente humana y la profundidad de las relaciones personales, lo que me llev\u00f3 a comprender que no podemos separar qui\u00e9nes somos de lo que hacemos.<\/p>\n<p>A menudo, un bloqueo en nuestra carrera o una duda vocacional tiene ra\u00edces en historias familiares o cargas emocionales que a\u00fan piden ser sanadas. Por ello, mi enfoque es integrativo: no solo escucho el s\u00edntoma, te acompa\u00f1o a descifrarlo para liberar tu verdadero potencial.<\/p>\n<h5>Mi Enfoque: Ciencia y Humanidad<\/h5>\n<p>Creo firmemente en una transformaci\u00f3n que es, a la vez, sanadora y estrat\u00e9gica. Mi metodolog\u00eda une el rigor de la psicolog\u00eda cl\u00ednica y las neurociencias con la agilidad del coaching y herramientas hol\u00edsticas. Esta mirada integral me permite trabajar desde lo cient\u00edfico hasta lo emocional y humano, alineando tu mundo interno con tus objetivos externos.<\/p>\n<h5>\u00bfC\u00f3mo puedo apoyarte?<\/h5>\n<p>Hoy me dedico a guiar a personas en su superaci\u00f3n personal y a organizaciones en el descubrimiento del talento. Te ofrezco un espacio seguro donde el autoconocimiento es la herramienta clave para sanar el pasado, habitar el presente con prop\u00f3sito y proyectar un futuro laboral exitoso.<\/p>\n<p><small>\u00abSanar la ra\u00edz para potenciar tu destino.\u00bb<\/small><\/p>\n","smf_img":"https:\/\/admin.carlaacuna.com\/wp-content\/uploads\/2026\/02\/carla_acuna_intro.png","smf_txt":"<p>Con m\u00e1s de 10 a\u00f1os de experiencia, he acompa\u00f1ado procesos de transformaci\u00f3n en los sectores p\u00fablico y privado, as\u00ed como en consultor\u00eda para peque\u00f1as y medianas empresas. Mi respaldo profesional se fundamentan en:<\/p>\n<ul>\n<li>Psicolog\u00eda: Universidad de San Mart\u00edn de Porres (Per\u00fa).<\/li>\n<li>Coach Profesional: Certificada por la International Coaching Community (ICC) de Londres.<\/li>\n<li>Especialidades: Neurociencias, Psicoterapia Online, Imagen Profesional, Orientaci\u00f3n Vocacional y Prop\u00f3sito de Vida.<\/li>\n<li>Evaluaci\u00f3n e interpretaci\u00f3n de pruebas\u00a0<strong>psicol\u00f3gicas.<\/strong><\/li>\n<li>Especializaci\u00f3n en\u00a0<strong>Recursos Humanos, Psicolog\u00eda Educativa y Cl\u00ednica.<\/strong><\/li>\n<li>Formaci\u00f3n en\u00a0<strong>Neurociencias<\/strong>\u00a0y\u00a0<strong>terapias hol\u00edsticas.<\/strong><\/li>\n<li>Diversas\u00a0<strong>certificaciones internacionales en desarrollo personal, profesional y espiritual.<\/strong><\/li>\n<\/ul>\n","sma_list":[{"sma_limg":false,"sma_ltxt":"Coaching laboral e imagen profesional para mejorar tu perfil profesional y empleabilidad"},{"sma_limg":false,"sma_ltxt":"Coaching vocacional (pre y postgrado) para ayudarte a descubrir tu verdadera vocaci\u00f3n"},{"sma_limg":false,"sma_ltxt":"Coaching para entrevistas de trabajo (preparaci\u00f3n emocional y estrat\u00e9gica)"},{"sma_limg":false,"sma_ltxt":"Coaching para entrevistas de trabajo (preparaci\u00f3n emocional y estrat\u00e9gica)"}]},"_links":{"self":[{"href":"https:\/\/admin.carlaacuna.com\/index.php\/wp-json\/wp\/v2\/pages\/66","targetHints":{"allow":["GET"]}}],"collection":[{"href":"https:\/\/admin.carlaacuna.com\/index.php\/wp-json\/wp\/v2\/pages"}],"about":[{"href":"https:\/\/admin.carlaacuna.com\/index.php\/wp-json\/wp\/v2\/types\/page"}],"author":[{"embeddable":true,"href":"https:\/\/admin.carlaacuna.com\/index.php\/wp-json\/wp\/v2\/users\/1"}],"replies":[{"embeddable":true,"href":"https:\/\/admin.carlaacuna.com\/index.php\/wp-json\/wp\/v2\/comments?post=66"}],"version-history":[{"count":4,"href":"https:\/\/admin.carlaacuna.com\/index.php\/wp-json\/wp\/v2\/pages\/66\/revisions"}],"predecessor-version":[{"id":184,"href":"https:\/\/admin.carlaacuna.com\/index.php\/wp-json\/wp\/v2\/pages\/66\/revisions\/184"}],"wp:attachment":[{"href":"https:\/\/admin.carlaacuna.com\/index.php\/wp-json\/wp\/v2\/media?parent=66"}],"curies":[{"name":"wp","href":"https:\/\/api.w.org\/{rel}","templated":true}]}}